{"id":1501,"date":"2023-04-18T18:54:25","date_gmt":"2023-04-18T18:54:25","guid":{"rendered":"https:\/\/get2grow.eu\/o-nas\/"},"modified":"2023-10-15T11:41:37","modified_gmt":"2023-10-15T11:41:37","slug":"about","status":"publish","type":"page","link":"https:\/\/get2grow.eu\/en\/about\/","title":{"rendered":"O nas"},"content":{"rendered":"<style>\/*! elementor - v3.12.1 - 02-04-2023 *\/\n.elementor-heading-title{padding:0;margin:0;line-height:1}.elementor-widget-heading .elementor-heading-title[class*=elementor-size-]>a{color:inherit;font-size:inherit;line-height:inherit}.elementor-widget-heading .elementor-heading-title.elementor-size-small{font-size:15px}.elementor-widget-heading .elementor-heading-title.elementor-size-medium{font-size:19px}.elementor-widget-heading .elementor-heading-title.elementor-size-large{font-size:29px}.elementor-widget-heading .elementor-heading-title.elementor-size-xl{font-size:39px}.elementor-widget-heading .elementor-heading-title.elementor-size-xxl{font-size:59px}<\/style>\n<h2>O NAS<\/h2>\n<style>\/*! elementor - v3.12.1 - 02-04-2023 *\/\n.elementor-widget-divider{--divider-border-style:none;--divider-border-width:1px;--divider-color:#0c0d0e;--divider-icon-size:20px;--divider-element-spacing:10px;--divider-pattern-height:24px;--divider-pattern-size:20px;--divider-pattern-url:none;--divider-pattern-repeat:repeat-x}.elementor-widget-divider .elementor-divider{display:flex}.elementor-widget-divider .elementor-divider__text{font-size:15px;line-height:1;max-width:95%}.elementor-widget-divider .elementor-divider__element{margin:0 var(--divider-element-spacing);flex-shrink:0}.elementor-widget-divider .elementor-icon{font-size:var(--divider-icon-size)}.elementor-widget-divider .elementor-divider-separator{display:flex;margin:0;direction:ltr}.elementor-widget-divider--view-line_icon .elementor-divider-separator,.elementor-widget-divider--view-line_text .elementor-divider-separator{align-items:center}.elementor-widget-divider--view-line_icon .elementor-divider-separator:after,.elementor-widget-divider--view-line_icon .elementor-divider-separator:before,.elementor-widget-divider--view-line_text .elementor-divider-separator:after,.elementor-widget-divider--view-line_text .elementor-divider-separator:before{display:block;content:\"\";border-bottom:0;flex-grow:1;border-top:var(--divider-border-width) var(--divider-border-style) var(--divider-color)}.elementor-widget-divider--element-align-left .elementor-divider .elementor-divider-separator>.elementor-divider__svg:first-of-type{flex-grow:0;flex-shrink:100}.elementor-widget-divider--element-align-left .elementor-divider-separator:before{content:none}.elementor-widget-divider--element-align-left .elementor-divider__element{margin-left:0}.elementor-widget-divider--element-align-right .elementor-divider .elementor-divider-separator>.elementor-divider__svg:last-of-type{flex-grow:0;flex-shrink:100}.elementor-widget-divider--element-align-right .elementor-divider-separator:after{content:none}.elementor-widget-divider--element-align-right .elementor-divider__element{margin-right:0}.elementor-widget-divider:not(.elementor-widget-divider--view-line_text):not(.elementor-widget-divider--view-line_icon) .elementor-divider-separator{border-top:var(--divider-border-width) var(--divider-border-style) var(--divider-color)}.elementor-widget-divider--separator-type-pattern{--divider-border-style:none}.elementor-widget-divider--separator-type-pattern.elementor-widget-divider--view-line .elementor-divider-separator,.elementor-widget-divider--separator-type-pattern:not(.elementor-widget-divider--view-line) .elementor-divider-separator:after,.elementor-widget-divider--separator-type-pattern:not(.elementor-widget-divider--view-line) .elementor-divider-separator:before,.elementor-widget-divider--separator-type-pattern:not([class*=elementor-widget-divider--view]) .elementor-divider-separator{width:100%;min-height:var(--divider-pattern-height);-webkit-mask-size:var(--divider-pattern-size) 100%;mask-size:var(--divider-pattern-size) 100%;-webkit-mask-repeat:var(--divider-pattern-repeat);mask-repeat:var(--divider-pattern-repeat);background-color:var(--divider-color);-webkit-mask-image:var(--divider-pattern-url);mask-image:var(--divider-pattern-url)}.elementor-widget-divider--no-spacing{--divider-pattern-size:auto}.elementor-widget-divider--bg-round{--divider-pattern-repeat:round}.rtl .elementor-widget-divider .elementor-divider__text{direction:rtl}.e-con-inner>.elementor-widget-divider,.e-con>.elementor-widget-divider{width:var(--container-widget-width,100%);--flex-grow:var(--container-widget-flex-grow)}<\/style>\n<p>Jeste\u015bmy wiod\u0105cym dostawca us\u0142ug rekrutacyjnych i szkole\u0144 a tak\u017ce dedykowanych rozwi\u0105za\u0144 dla biznesu o szerokich mi\u0119dzynarodowych do\u015bwiadczeniach.<\/p>\n<p>W naszej dzia\u0142alno\u015bci \u0142\u0105czymy wieloletnie do\u015bwiadczenie i tradycje oparta na rodzinnych warto\u015bciach z nowoczesnymi technologiami i metodami dzia\u0142ania. Jeste\u015bmy skoncentrowani na zrozumieniu potrzeb Klienta i dostarczeniu mu realnych rozwi\u0105za\u0144 i warto\u015bci maj\u0105cych umo\u017cliwi\u0107 mu realizacje jego cel\u00f3w w nieustannie zmieniaj\u0105cej si\u0119 rzeczywisto\u015bci.<\/p>\n<p><div id=g2g_banner1943297207 g2g-module-id=\"banner\"><\/div><div id=g2g-banner21897625666 g2g-module-id=\"banner2\"><\/div><\/p>\n","protected":false},"excerpt":{"rendered":"<p>O NAS Jeste\u015bmy wiod\u0105cym dostawca us\u0142ug rekrutacyjnych i szkole\u0144 a tak\u017ce dedykowanych rozwi\u0105za\u0144 dla biznesu o szerokich mi\u0119dzynarodowych do\u015bwiadczeniach. W naszej dzia\u0142alno\u015bci \u0142\u0105czymy wieloletnie do\u015bwiadczenie i tradycje oparta na rodzinnych warto\u015bciach z nowoczesnymi technologiami i metodami dzia\u0142ania. Jeste\u015bmy skoncentrowani na zrozumieniu potrzeb Klienta i dostarczeniu mu realnych rozwi\u0105za\u0144 i warto\u015bci maj\u0105cych umo\u017cliwi\u0107 mu realizacje jego [&hellip;]<\/p>\n","protected":false},"author":1,"featured_media":1906,"parent":0,"menu_order":0,"comment_status":"closed","ping_status":"closed","template":"","meta":{"_acf_changed":false,"footnotes":""},"class_list":["post-1501","page","type-page","status-publish","has-post-thumbnail","hentry"],"acf":[],"yoast_head":"<!-- This site is optimized with the Yoast SEO plugin v27.6 - https:\/\/yoast.com\/product\/yoast-seo-wordpress\/ -->\n<title>O nas - Get2Grow<\/title>\n<meta name=\"robots\" content=\"index, follow, max-snippet:-1, max-image-preview:large, max-video-preview:-1\" \/>\n<link rel=\"canonical\" href=\"https:\/\/get2grow.eu\/en\/about\/\" \/>\n<meta property=\"og:locale\" content=\"en_US\" \/>\n<meta property=\"og:type\" content=\"article\" \/>\n<meta property=\"og:title\" content=\"O nas - Get2Grow\" \/>\n<meta property=\"og:description\" content=\"O NAS Jeste\u015bmy wiod\u0105cym dostawca us\u0142ug rekrutacyjnych i szkole\u0144 a tak\u017ce dedykowanych rozwi\u0105za\u0144 dla biznesu o szerokich mi\u0119dzynarodowych do\u015bwiadczeniach. W naszej dzia\u0142alno\u015bci \u0142\u0105czymy wieloletnie do\u015bwiadczenie i tradycje oparta na rodzinnych warto\u015bciach z nowoczesnymi technologiami i metodami dzia\u0142ania. Jeste\u015bmy skoncentrowani na zrozumieniu potrzeb Klienta i dostarczeniu mu realnych rozwi\u0105za\u0144 i warto\u015bci maj\u0105cych umo\u017cliwi\u0107 mu realizacje jego [&hellip;]\" \/>\n<meta property=\"og:url\" content=\"https:\/\/get2grow.eu\/en\/about\/\" \/>\n<meta property=\"og:site_name\" content=\"Get2Grow\" \/>\n<meta property=\"article:publisher\" content=\"https:\/\/www.facebook.com\/profile.php?id=100093557102077\" \/>\n<meta property=\"article:modified_time\" content=\"2023-10-15T11:41:37+00:00\" \/>\n<meta name=\"twitter:card\" content=\"summary_large_image\" \/>\n<script type=\"application\/ld+json\" class=\"yoast-schema-graph\">{\"@context\":\"https:\\\/\\\/schema.org\",\"@graph\":[{\"@type\":\"WebPage\",\"@id\":\"https:\\\/\\\/get2grow.eu\\\/en\\\/about\\\/\",\"url\":\"https:\\\/\\\/get2grow.eu\\\/en\\\/about\\\/\",\"name\":\"O nas - Get2Grow\",\"isPartOf\":{\"@id\":\"https:\\\/\\\/get2grow.eu\\\/#website\"},\"primaryImageOfPage\":{\"@id\":\"https:\\\/\\\/get2grow.eu\\\/en\\\/about\\\/#primaryimage\"},\"image\":{\"@id\":\"https:\\\/\\\/get2grow.eu\\\/en\\\/about\\\/#primaryimage\"},\"thumbnailUrl\":\"https:\\\/\\\/get2grow.eu\\\/wp-content\\\/uploads\\\/2024\\\/03\\\/about-banner.jpg\",\"datePublished\":\"2023-04-18T18:54:25+00:00\",\"dateModified\":\"2023-10-15T11:41:37+00:00\",\"breadcrumb\":{\"@id\":\"https:\\\/\\\/get2grow.eu\\\/en\\\/about\\\/#breadcrumb\"},\"inLanguage\":\"en-US\",\"potentialAction\":[{\"@type\":\"ReadAction\",\"target\":[\"https:\\\/\\\/get2grow.eu\\\/en\\\/about\\\/\"]}]},{\"@type\":\"ImageObject\",\"inLanguage\":\"en-US\",\"@id\":\"https:\\\/\\\/get2grow.eu\\\/en\\\/about\\\/#primaryimage\",\"url\":\"https:\\\/\\\/get2grow.eu\\\/wp-content\\\/uploads\\\/2024\\\/03\\\/about-banner.jpg\",\"contentUrl\":\"https:\\\/\\\/get2grow.eu\\\/wp-content\\\/uploads\\\/2024\\\/03\\\/about-banner.jpg\",\"width\":1920,\"height\":453},{\"@type\":\"BreadcrumbList\",\"@id\":\"https:\\\/\\\/get2grow.eu\\\/en\\\/about\\\/#breadcrumb\",\"itemListElement\":[{\"@type\":\"ListItem\",\"position\":1,\"name\":\"Home\",\"item\":\"https:\\\/\\\/get2grow.eu\\\/en\\\/\"},{\"@type\":\"ListItem\",\"position\":2,\"name\":\"O nas\"}]},{\"@type\":\"WebSite\",\"@id\":\"https:\\\/\\\/get2grow.eu\\\/#website\",\"url\":\"https:\\\/\\\/get2grow.eu\\\/\",\"name\":\"Get2Grow\",\"description\":\"We are a leading provider of recruitment and training services\",\"publisher\":{\"@id\":\"https:\\\/\\\/get2grow.eu\\\/#organization\"},\"potentialAction\":[{\"@type\":\"SearchAction\",\"target\":{\"@type\":\"EntryPoint\",\"urlTemplate\":\"https:\\\/\\\/get2grow.eu\\\/?s={search_term_string}\"},\"query-input\":{\"@type\":\"PropertyValueSpecification\",\"valueRequired\":true,\"valueName\":\"search_term_string\"}}],\"inLanguage\":\"en-US\"},{\"@type\":\"Organization\",\"@id\":\"https:\\\/\\\/get2grow.eu\\\/#organization\",\"name\":\"Get2Grow\",\"url\":\"https:\\\/\\\/get2grow.eu\\\/\",\"logo\":{\"@type\":\"ImageObject\",\"inLanguage\":\"en-US\",\"@id\":\"https:\\\/\\\/get2grow.eu\\\/#\\\/schema\\\/logo\\\/image\\\/\",\"url\":\"https:\\\/\\\/get2grow.eu\\\/wp-content\\\/uploads\\\/2023\\\/03\\\/logo.png\",\"contentUrl\":\"https:\\\/\\\/get2grow.eu\\\/wp-content\\\/uploads\\\/2023\\\/03\\\/logo.png\",\"width\":804,\"height\":125,\"caption\":\"Get2Grow\"},\"image\":{\"@id\":\"https:\\\/\\\/get2grow.eu\\\/#\\\/schema\\\/logo\\\/image\\\/\"},\"sameAs\":[\"https:\\\/\\\/www.facebook.com\\\/profile.php?id=100093557102077\"]}]}<\/script>\n<!-- \/ Yoast SEO plugin. -->","yoast_head_json":{"title":"O nas - Get2Grow","robots":{"index":"index","follow":"follow","max-snippet":"max-snippet:-1","max-image-preview":"max-image-preview:large","max-video-preview":"max-video-preview:-1"},"canonical":"https:\/\/get2grow.eu\/en\/about\/","og_locale":"en_US","og_type":"article","og_title":"O nas - Get2Grow","og_description":"O NAS Jeste\u015bmy wiod\u0105cym dostawca us\u0142ug rekrutacyjnych i szkole\u0144 a tak\u017ce dedykowanych rozwi\u0105za\u0144 dla biznesu o szerokich mi\u0119dzynarodowych do\u015bwiadczeniach. W naszej dzia\u0142alno\u015bci \u0142\u0105czymy wieloletnie do\u015bwiadczenie i tradycje oparta na rodzinnych warto\u015bciach z nowoczesnymi technologiami i metodami dzia\u0142ania. Jeste\u015bmy skoncentrowani na zrozumieniu potrzeb Klienta i dostarczeniu mu realnych rozwi\u0105za\u0144 i warto\u015bci maj\u0105cych umo\u017cliwi\u0107 mu realizacje jego [&hellip;]","og_url":"https:\/\/get2grow.eu\/en\/about\/","og_site_name":"Get2Grow","article_publisher":"https:\/\/www.facebook.com\/profile.php?id=100093557102077","article_modified_time":"2023-10-15T11:41:37+00:00","twitter_card":"summary_large_image","schema":{"@context":"https:\/\/schema.org","@graph":[{"@type":"WebPage","@id":"https:\/\/get2grow.eu\/en\/about\/","url":"https:\/\/get2grow.eu\/en\/about\/","name":"O nas - Get2Grow","isPartOf":{"@id":"https:\/\/get2grow.eu\/#website"},"primaryImageOfPage":{"@id":"https:\/\/get2grow.eu\/en\/about\/#primaryimage"},"image":{"@id":"https:\/\/get2grow.eu\/en\/about\/#primaryimage"},"thumbnailUrl":"https:\/\/get2grow.eu\/wp-content\/uploads\/2024\/03\/about-banner.jpg","datePublished":"2023-04-18T18:54:25+00:00","dateModified":"2023-10-15T11:41:37+00:00","breadcrumb":{"@id":"https:\/\/get2grow.eu\/en\/about\/#breadcrumb"},"inLanguage":"en-US","potentialAction":[{"@type":"ReadAction","target":["https:\/\/get2grow.eu\/en\/about\/"]}]},{"@type":"ImageObject","inLanguage":"en-US","@id":"https:\/\/get2grow.eu\/en\/about\/#primaryimage","url":"https:\/\/get2grow.eu\/wp-content\/uploads\/2024\/03\/about-banner.jpg","contentUrl":"https:\/\/get2grow.eu\/wp-content\/uploads\/2024\/03\/about-banner.jpg","width":1920,"height":453},{"@type":"BreadcrumbList","@id":"https:\/\/get2grow.eu\/en\/about\/#breadcrumb","itemListElement":[{"@type":"ListItem","position":1,"name":"Home","item":"https:\/\/get2grow.eu\/en\/"},{"@type":"ListItem","position":2,"name":"O nas"}]},{"@type":"WebSite","@id":"https:\/\/get2grow.eu\/#website","url":"https:\/\/get2grow.eu\/","name":"Get2Grow","description":"We are a leading provider of recruitment and training services","publisher":{"@id":"https:\/\/get2grow.eu\/#organization"},"potentialAction":[{"@type":"SearchAction","target":{"@type":"EntryPoint","urlTemplate":"https:\/\/get2grow.eu\/?s={search_term_string}"},"query-input":{"@type":"PropertyValueSpecification","valueRequired":true,"valueName":"search_term_string"}}],"inLanguage":"en-US"},{"@type":"Organization","@id":"https:\/\/get2grow.eu\/#organization","name":"Get2Grow","url":"https:\/\/get2grow.eu\/","logo":{"@type":"ImageObject","inLanguage":"en-US","@id":"https:\/\/get2grow.eu\/#\/schema\/logo\/image\/","url":"https:\/\/get2grow.eu\/wp-content\/uploads\/2023\/03\/logo.png","contentUrl":"https:\/\/get2grow.eu\/wp-content\/uploads\/2023\/03\/logo.png","width":804,"height":125,"caption":"Get2Grow"},"image":{"@id":"https:\/\/get2grow.eu\/#\/schema\/logo\/image\/"},"sameAs":["https:\/\/www.facebook.com\/profile.php?id=100093557102077"]}]}},"_links":{"self":[{"href":"https:\/\/get2grow.eu\/en\/wp-json\/wp\/v2\/pages\/1501","targetHints":{"allow":["GET"]}}],"collection":[{"href":"https:\/\/get2grow.eu\/en\/wp-json\/wp\/v2\/pages"}],"about":[{"href":"https:\/\/get2grow.eu\/en\/wp-json\/wp\/v2\/types\/page"}],"author":[{"embeddable":true,"href":"https:\/\/get2grow.eu\/en\/wp-json\/wp\/v2\/users\/1"}],"replies":[{"embeddable":true,"href":"https:\/\/get2grow.eu\/en\/wp-json\/wp\/v2\/comments?post=1501"}],"version-history":[{"count":1,"href":"https:\/\/get2grow.eu\/en\/wp-json\/wp\/v2\/pages\/1501\/revisions"}],"predecessor-version":[{"id":1519,"href":"https:\/\/get2grow.eu\/en\/wp-json\/wp\/v2\/pages\/1501\/revisions\/1519"}],"wp:featuredmedia":[{"embeddable":true,"href":"https:\/\/get2grow.eu\/en\/wp-json\/wp\/v2\/media\/1906"}],"wp:attachment":[{"href":"https:\/\/get2grow.eu\/en\/wp-json\/wp\/v2\/media?parent=1501"}],"curies":[{"name":"wp","href":"https:\/\/api.w.org\/{rel}","templated":true}]}}